{"id":1018,"date":"2021-02-12T21:39:14","date_gmt":"2021-02-12T20:39:14","guid":{"rendered":"https:\/\/virazoncharter.com\/cuadros-oleo\/"},"modified":"2021-02-23T13:56:47","modified_gmt":"2021-02-23T12:56:47","slug":"pictures-al-oleo-carmen","status":"publish","type":"page","link":"https:\/\/virazoncharter.com\/en\/pictures-al-oleo-carmen\/","title":{"rendered":"Cuadros Oleo"},"content":{"rendered":"<p>[et_pb_section fb_built=&#8221;1&#8243; _builder_version=&#8221;4.7.7&#8243; _module_preset=&#8221;default&#8221; background_image=&#8221;https:\/\/virazoncharter.com\/wp-content\/uploads\/2021\/02\/La-Ola.jpg&#8221;][et_pb_row _builder_version=&#8221;4.7.7&#8243; _module_preset=&#8221;default&#8221;][et_pb_column type=&#8221;4_4&#8243; _builder_version=&#8221;4.7.7&#8243; _module_preset=&#8221;default&#8221;][et_pb_text _builder_version=&#8221;4.7.7&#8243; _module_preset=&#8221;default&#8221; hover_enabled=&#8221;0&#8243; sticky_enabled=&#8221;0&#8243;]<\/p>\n<h1 style=\"text-align: center;\">PICTURES AL OLEO CARMEN<\/h1>\n<p>[\/et_pb_text][\/et_pb_column][\/et_pb_row][\/et_pb_section][et_pb_section fb_built=&#8221;1&#8243; _builder_version=&#8221;4.7.7&#8243; _module_preset=&#8221;default&#8221;][et_pb_row column_structure=&#8221;1_2,1_2&#8243; _builder_version=&#8221;4.7.7&#8243; _module_preset=&#8221;default&#8221;][et_pb_column type=&#8221;1_2&#8243; _builder_version=&#8221;4.7.7&#8243; _module_preset=&#8221;default&#8221;][et_pb_image src=&#8221;https:\/\/virazoncharter.com\/wp-content\/uploads\/2021\/02\/Marina-de-Granada.jpg&#8221; title_text=&#8221;Marina de Granada&#8221; _builder_version=&#8221;4.7.7&#8243; _module_preset=&#8221;default&#8221;][\/et_pb_image][\/et_pb_column][et_pb_column type=&#8221;1_2&#8243; _builder_version=&#8221;4.7.7&#8243; _module_preset=&#8221;default&#8221;][et_pb_image src=&#8221;https:\/\/virazoncharter.com\/wp-content\/uploads\/2021\/02\/Jardin-con-la-nina-en-el-columpio.jpg&#8221; title_text=&#8221;Jardin con la ni\u00f1a en el columpio&#8221; _builder_version=&#8221;4.7.7&#8243; _module_preset=&#8221;default&#8221;][\/et_pb_image][\/et_pb_column][\/et_pb_row][et_pb_row _builder_version=&#8221;4.7.7&#8243; _module_preset=&#8221;default&#8221;][et_pb_column type=&#8221;4_4&#8243; _builder_version=&#8221;4.7.7&#8243; _module_preset=&#8221;default&#8221;][et_pb_text _builder_version=&#8221;4.7.7&#8243; _module_preset=&#8221;default&#8221;]<\/p>\n<h2>Carmen Herv\u00e1s pintora | artista<\/h2>\n<p>Ni siquiera el gran esfuerzo que desde ni\u00f1a mantuvo para compartir estudios, trabajo y deporte, la apartaron ni un momento de su afici\u00f3n por la pintura. De esta ha hecho su mejor y m\u00e1s claro medio de expansi\u00f3n, siendo asimismo, el m\u00e1s aut\u00e9ntico reflejo de su propia personalidad.<\/p>\n<p>[\/et_pb_text][\/et_pb_column][\/et_pb_row][et_pb_row column_structure=&#8221;1_2,1_2&#8243; _builder_version=&#8221;4.7.7&#8243; _module_preset=&#8221;default&#8221;][et_pb_column type=&#8221;1_2&#8243; _builder_version=&#8221;4.7.7&#8243; _module_preset=&#8221;default&#8221;][et_pb_image src=&#8221;https:\/\/virazoncharter.com\/wp-content\/uploads\/2021\/02\/cuadro-madrid-2.jpg&#8221; title_text=&#8221;cuadro madrid 2&#8243; _builder_version=&#8221;4.7.7&#8243; _module_preset=&#8221;default&#8221;][\/et_pb_image][\/et_pb_column][et_pb_column type=&#8221;1_2&#8243; _builder_version=&#8221;4.7.7&#8243; _module_preset=&#8221;default&#8221;][et_pb_image src=&#8221;https:\/\/virazoncharter.com\/wp-content\/uploads\/2021\/02\/cuadros-madrid.jpg&#8221; title_text=&#8221;cuadros madrid&#8221; _builder_version=&#8221;4.7.7&#8243; _module_preset=&#8221;default&#8221;][\/et_pb_image][\/et_pb_column][\/et_pb_row][\/et_pb_section][et_pb_section fb_built=&#8221;1&#8243; _builder_version=&#8221;4.7.7&#8243; _module_preset=&#8221;default&#8221; custom_padding=&#8221;0px|||||&#8221;][et_pb_row column_structure=&#8221;1_3,1_3,1_3&#8243; _builder_version=&#8221;4.7.7&#8243; _module_preset=&#8221;default&#8221;][et_pb_column type=&#8221;1_3&#8243; _builder_version=&#8221;4.7.7&#8243; _module_preset=&#8221;default&#8221;][et_pb_image src=&#8221;https:\/\/virazoncharter.com\/wp-content\/uploads\/2021\/02\/Marina-2.jpg&#8221; title_text=&#8221;Marina 2&#8243; _builder_version=&#8221;4.7.7&#8243; _module_preset=&#8221;default&#8221;][\/et_pb_image][\/et_pb_column][et_pb_column type=&#8221;1_3&#8243; _builder_version=&#8221;4.7.7&#8243; _module_preset=&#8221;default&#8221;][et_pb_image src=&#8221;https:\/\/virazoncharter.com\/wp-content\/uploads\/2021\/02\/Marina-1.jpg&#8221; title_text=&#8221;Marina 1&#8243; _builder_version=&#8221;4.7.7&#8243; _module_preset=&#8221;default&#8221;][\/et_pb_image][\/et_pb_column][et_pb_column type=&#8221;1_3&#8243; _builder_version=&#8221;4.7.7&#8243; _module_preset=&#8221;default&#8221;][et_pb_image src=&#8221;https:\/\/virazoncharter.com\/wp-content\/uploads\/2021\/02\/Marina-5.jpg&#8221; title_text=&#8221;Marina 5&#8243; _builder_version=&#8221;4.7.7&#8243; _module_preset=&#8221;default&#8221;][\/et_pb_image][\/et_pb_column][\/et_pb_row][\/et_pb_section][et_pb_section fb_built=&#8221;1&#8243; _builder_version=&#8221;4.7.7&#8243; _module_preset=&#8221;default&#8221;][et_pb_row column_structure=&#8221;1_2,1_2&#8243; _builder_version=&#8221;4.7.7&#8243; _module_preset=&#8221;default&#8221;][et_pb_column type=&#8221;1_2&#8243; _builder_version=&#8221;4.7.7&#8243; _module_preset=&#8221;default&#8221;][et_pb_text _builder_version=&#8221;4.7.7&#8243; _module_preset=&#8221;default&#8221;]<\/p>\n<h2><strong>Analisis de su obra al oleo<\/strong><\/h2>\n<p>A trav\u00e9s de sus cuadros ha ido plasmando, en cada momento la visi\u00f3n, entre inocente y veraz, que el mundo le ofrecia d\u00eda a d\u00eda.<\/p>\n<p>La serie de obras que ha creado representan el aire y el espacio; parece un proceso sencillo pero cada faceta contiene parte de la idea creada. Su obra nos transporta a originales e id\u00edlicos paisajes, donde el sonido del aire y del agua se funden con el color consiguiendo su personal lenguaje est\u00e9tico.<\/p>\n<p>En Carmen, La pintura<em> &#8220;No es sino la manera de obtener, a fuerza de lisonjas de la materia burda de la vida, lo m\u00e1s fino, lo m\u00e1s delicado, lo m\u00e1s sut\u00edl que ha en ella, por medio del arte y del amor&#8221;<\/em>, como bien definir\u00eda Stefan Zweig.<\/p>\n<p>&nbsp;<\/p>\n<p>[\/et_pb_text][et_pb_image src=&#8221;https:\/\/virazoncharter.com\/wp-content\/uploads\/2021\/02\/El-lago.jpg&#8221; title_text=&#8221;El lago&#8221; _builder_version=&#8221;4.7.7&#8243; _module_preset=&#8221;default&#8221;][\/et_pb_image][\/et_pb_column][et_pb_column type=&#8221;1_2&#8243; _builder_version=&#8221;4.7.7&#8243; _module_preset=&#8221;default&#8221;][et_pb_image src=&#8221;https:\/\/virazoncharter.com\/wp-content\/uploads\/2021\/02\/La-Ola.jpg&#8221; title_text=&#8221;La Ola&#8221; _builder_version=&#8221;4.7.7&#8243; _module_preset=&#8221;default&#8221;][\/et_pb_image][\/et_pb_column][\/et_pb_row][et_pb_row column_structure=&#8221;1_2,1_2&#8243; _builder_version=&#8221;4.7.7&#8243; _module_preset=&#8221;default&#8221;][et_pb_column type=&#8221;1_2&#8243; _builder_version=&#8221;4.7.7&#8243; _module_preset=&#8221;default&#8221;][et_pb_text _builder_version=&#8221;4.7.7&#8243; _module_preset=&#8221;default&#8221;]<\/p>\n<p>Su t\u00e9cnica se basa fundamentalmente en la conjunci\u00f3n de amplias gamas de colores que se funden en el momento de su craci\u00f3n. A Carmen le atraen mucho las estaciones del a\u00f1o, el tiempo, los paisajes de las monta\u00f1as y el movimiento del aire y el agua, en definitiva, quiere experesar la belleza de la naturaleza con colores vivos, alegres, reflejos del alma que lleva en su interior.<\/p>\n<p>[\/et_pb_text][et_pb_image src=&#8221;https:\/\/virazoncharter.com\/wp-content\/uploads\/2021\/02\/Marina-3.jpg&#8221; title_text=&#8221;Marina 3&#8243; _builder_version=&#8221;4.7.7&#8243; _module_preset=&#8221;default&#8221;][\/et_pb_image][\/et_pb_column][et_pb_column type=&#8221;1_2&#8243; _builder_version=&#8221;4.7.7&#8243; _module_preset=&#8221;default&#8221;][et_pb_image src=&#8221;https:\/\/virazoncharter.com\/wp-content\/uploads\/2021\/02\/Marina-4.jpg&#8221; title_text=&#8221;Marina 4&#8243; _builder_version=&#8221;4.7.7&#8243; _module_preset=&#8221;default&#8221;][\/et_pb_image][et_pb_text _builder_version=&#8221;4.7.7&#8243; _module_preset=&#8221;default&#8221; min_height=&#8221;121px&#8221; custom_padding=&#8221;||13px|||&#8221; box_shadow_style=&#8221;preset1&#8243;]<\/p>\n<h3 style=\"text-align: center;\"><strong><\/strong><\/h3>\n<h3 style=\"text-align: center;\"><strong>Se realizan cuadros por encargo.<\/strong><\/h3>\n<h3 style=\"text-align: center;\"><strong>Realistas | Abstractos.<\/strong><\/h3>\n<h3 style=\"text-align: center;\"><strong>Solicita presupuesto<\/strong><\/h3>\n<p>[\/et_pb_text][\/et_pb_column][\/et_pb_row][et_pb_row column_structure=&#8221;1_3,1_3,1_3&#8243; _builder_version=&#8221;4.7.7&#8243; _module_preset=&#8221;default&#8221;][et_pb_column type=&#8221;1_3&#8243; _builder_version=&#8221;4.7.7&#8243; _module_preset=&#8221;default&#8221;][et_pb_image src=&#8221;https:\/\/virazoncharter.com\/wp-content\/uploads\/2021\/02\/Bosque-con-cascada-e-iglesia.jpg&#8221; title_text=&#8221;Bosque con cascada e iglesia&#8221; _builder_version=&#8221;4.7.7&#8243; _module_preset=&#8221;default&#8221;][\/et_pb_image][\/et_pb_column][et_pb_column type=&#8221;1_3&#8243; _builder_version=&#8221;4.7.7&#8243; _module_preset=&#8221;default&#8221;][et_pb_image src=&#8221;https:\/\/virazoncharter.com\/wp-content\/uploads\/2021\/02\/Reminiscencia-de-Granada.jpg&#8221; title_text=&#8221;Reminiscencia de Granada&#8221; _builder_version=&#8221;4.7.7&#8243; _module_preset=&#8221;default&#8221;][\/et_pb_image][\/et_pb_column][et_pb_column type=&#8221;1_3&#8243; _builder_version=&#8221;4.7.7&#8243; _module_preset=&#8221;default&#8221;][et_pb_image src=&#8221;https:\/\/virazoncharter.com\/wp-content\/uploads\/2021\/02\/Bodegon.jpg&#8221; title_text=&#8221;Bodegon&#8221; _builder_version=&#8221;4.7.7&#8243; _module_preset=&#8221;default&#8221;][\/et_pb_image][\/et_pb_column][\/et_pb_row][et_pb_row column_structure=&#8221;1_3,1_3,1_3&#8243; _builder_version=&#8221;4.7.7&#8243; _module_preset=&#8221;default&#8221;][et_pb_column type=&#8221;1_3&#8243; _builder_version=&#8221;4.7.7&#8243; _module_preset=&#8221;default&#8221;][et_pb_image src=&#8221;https:\/\/virazoncharter.com\/wp-content\/uploads\/2021\/02\/Playa-del-caribe.jpg&#8221; title_text=&#8221;Playa del caribe&#8221; _builder_version=&#8221;4.7.7&#8243; _module_preset=&#8221;default&#8221;][\/et_pb_image][\/et_pb_column][et_pb_column type=&#8221;1_3&#8243; _builder_version=&#8221;4.7.7&#8243; _module_preset=&#8221;default&#8221;][et_pb_image src=&#8221;https:\/\/virazoncharter.com\/wp-content\/uploads\/2021\/02\/Marina-con-casita.jpg&#8221; title_text=&#8221;Marina con casita&#8221; _builder_version=&#8221;4.7.7&#8243; _module_preset=&#8221;default&#8221;][\/et_pb_image][\/et_pb_column][et_pb_column type=&#8221;1_3&#8243; _builder_version=&#8221;4.7.7&#8243; _module_preset=&#8221;default&#8221;][et_pb_image src=&#8221;https:\/\/virazoncharter.com\/wp-content\/uploads\/2021\/02\/Bodegon-uvas.jpg&#8221; title_text=&#8221;Bodegon uvas&#8221; _builder_version=&#8221;4.7.7&#8243; _module_preset=&#8221;default&#8221;][\/et_pb_image][\/et_pb_column][\/et_pb_row][\/et_pb_section]<\/p>\n","protected":false},"excerpt":{"rendered":"<p>PICTURES AL OLEO CARMEN Carmen Herv\u00e1s pintora | artista Ni siquiera el gran esfuerzo que desde ni\u00f1a mantuvo para compartir estudios, trabajo y deporte, la apartaron ni un momento de su afici\u00f3n por la pintura. De esta ha hecho su mejor y m\u00e1s claro medio de expansi\u00f3n, siendo asimismo, el m\u00e1s aut\u00e9ntico reflejo de su [&hellip;]<\/p>\n","protected":false},"author":1,"featured_media":0,"parent":0,"menu_order":0,"comment_status":"closed","ping_status":"closed","template":"","meta":{"_et_pb_use_builder":"on","_et_pb_old_content":"","_et_gb_content_width":"","footnotes":""},"class_list":["post-1018","page","type-page","status-publish","hentry"],"yoast_head":"<!-- This site is optimized with the Yoast SEO plugin v27.4 - https:\/\/yoast.com\/product\/yoast-seo-wordpress\/ -->\n<title>Artista Pintora Cuadros Oleo | Marinas | Abstractos<\/title>\n<meta name=\"description\" content=\"Artista Pintora cuadros Oleo. | Marinas | Paisajes | Bodegones | Abstractos | cuadros por encargo | Arte en Ibiza | Carmen: 619243890\" \/>\n<meta name=\"robots\" content=\"index, follow, max-snippet:-1, max-image-preview:large, max-video-preview:-1\" \/>\n<link rel=\"canonical\" href=\"https:\/\/virazoncharter.com\/en\/pictures-al-oleo-carmen\/\" \/>\n<meta property=\"og:locale\" content=\"en_US\" \/>\n<meta property=\"og:type\" content=\"article\" \/>\n<meta property=\"og:title\" content=\"Artista Pintora Cuadros Oleo | Marinas | Abstractos\" \/>\n<meta property=\"og:description\" content=\"Artista Pintora cuadros Oleo. | Marinas | Paisajes | Bodegones | Abstractos | cuadros por encargo | Arte en Ibiza | Carmen: 619243890\" \/>\n<meta property=\"og:url\" content=\"https:\/\/virazoncharter.com\/en\/pictures-al-oleo-carmen\/\" \/>\n<meta property=\"og:site_name\" content=\"Virazon Charter\" \/>\n<meta property=\"article:publisher\" content=\"https:\/\/www.facebook.com\/virazon.charter\" \/>\n<meta property=\"article:modified_time\" content=\"2021-02-23T12:56:47+00:00\" \/>\n<meta name=\"twitter:card\" content=\"summary_large_image\" \/>\n<meta name=\"twitter:site\" content=\"@VirazonCharter\" \/>\n<meta name=\"twitter:label1\" content=\"Est. reading time\" \/>\n\t<meta name=\"twitter:data1\" content=\"3 minutes\" \/>\n<script type=\"application\/ld+json\" class=\"yoast-schema-graph\">{\"@context\":\"https:\\\/\\\/schema.org\",\"@graph\":[{\"@type\":\"WebPage\",\"@id\":\"https:\\\/\\\/virazoncharter.com\\\/en\\\/pictures-al-oleo-carmen\\\/\",\"url\":\"https:\\\/\\\/virazoncharter.com\\\/en\\\/pictures-al-oleo-carmen\\\/\",\"name\":\"Artista Pintora Cuadros Oleo | Marinas | Abstractos\",\"isPartOf\":{\"@id\":\"https:\\\/\\\/virazoncharter.com\\\/en\\\/#website\"},\"datePublished\":\"2021-02-12T20:39:14+00:00\",\"dateModified\":\"2021-02-23T12:56:47+00:00\",\"description\":\"Artista Pintora cuadros Oleo. | Marinas | Paisajes | Bodegones | Abstractos | cuadros por encargo | Arte en Ibiza | Carmen: 619243890\",\"breadcrumb\":{\"@id\":\"https:\\\/\\\/virazoncharter.com\\\/en\\\/pictures-al-oleo-carmen\\\/#breadcrumb\"},\"inLanguage\":\"en-US\",\"potentialAction\":[{\"@type\":\"ReadAction\",\"target\":[\"https:\\\/\\\/virazoncharter.com\\\/en\\\/pictures-al-oleo-carmen\\\/\"]}]},{\"@type\":\"BreadcrumbList\",\"@id\":\"https:\\\/\\\/virazoncharter.com\\\/en\\\/pictures-al-oleo-carmen\\\/#breadcrumb\",\"itemListElement\":[{\"@type\":\"ListItem\",\"position\":1,\"name\":\"Portada\",\"item\":\"https:\\\/\\\/virazoncharter.com\\\/en\\\/\"},{\"@type\":\"ListItem\",\"position\":2,\"name\":\"Cuadros Oleo\"}]},{\"@type\":\"WebSite\",\"@id\":\"https:\\\/\\\/virazoncharter.com\\\/en\\\/#website\",\"url\":\"https:\\\/\\\/virazoncharter.com\\\/en\\\/\",\"name\":\"Virazon Charter\",\"description\":\"\",\"publisher\":{\"@id\":\"https:\\\/\\\/virazoncharter.com\\\/en\\\/#organization\"},\"potentialAction\":[{\"@type\":\"SearchAction\",\"target\":{\"@type\":\"EntryPoint\",\"urlTemplate\":\"https:\\\/\\\/virazoncharter.com\\\/en\\\/?s={search_term_string}\"},\"query-input\":{\"@type\":\"PropertyValueSpecification\",\"valueRequired\":true,\"valueName\":\"search_term_string\"}}],\"inLanguage\":\"en-US\"},{\"@type\":\"Organization\",\"@id\":\"https:\\\/\\\/virazoncharter.com\\\/en\\\/#organization\",\"name\":\"Virazon Charter\",\"url\":\"https:\\\/\\\/virazoncharter.com\\\/en\\\/\",\"logo\":{\"@type\":\"ImageObject\",\"inLanguage\":\"en-US\",\"@id\":\"https:\\\/\\\/virazoncharter.com\\\/en\\\/#\\\/schema\\\/logo\\\/image\\\/\",\"url\":\"https:\\\/\\\/virazoncharter.com\\\/wp-content\\\/uploads\\\/2020\\\/12\\\/Imagen-principal-2-1.jpg\",\"contentUrl\":\"https:\\\/\\\/virazoncharter.com\\\/wp-content\\\/uploads\\\/2020\\\/12\\\/Imagen-principal-2-1.jpg\",\"width\":665,\"height\":1000,\"caption\":\"Virazon Charter\"},\"image\":{\"@id\":\"https:\\\/\\\/virazoncharter.com\\\/en\\\/#\\\/schema\\\/logo\\\/image\\\/\"},\"sameAs\":[\"https:\\\/\\\/www.facebook.com\\\/virazon.charter\",\"https:\\\/\\\/x.com\\\/VirazonCharter\",\"https:\\\/\\\/www.instagram.com\\\/ibizavirazoncharter\\\/\",\"https:\\\/\\\/www.linkedin.com\\\/in\\\/ibizavirazoncharter\\\/\",\"https:\\\/\\\/www.youtube.com\\\/channel\\\/UCACS__u1NX416fyEnvsB8Mw\"]}]}<\/script>\n<!-- \/ Yoast SEO plugin. -->","yoast_head_json":{"title":"Artista Pintora Cuadros Oleo | Marinas | Abstractos","description":"Artista Pintora cuadros Oleo. | Marinas | Paisajes | Bodegones | Abstractos | cuadros por encargo | Arte en Ibiza | Carmen: 619243890","robots":{"index":"index","follow":"follow","max-snippet":"max-snippet:-1","max-image-preview":"max-image-preview:large","max-video-preview":"max-video-preview:-1"},"canonical":"https:\/\/virazoncharter.com\/en\/pictures-al-oleo-carmen\/","og_locale":"en_US","og_type":"article","og_title":"Artista Pintora Cuadros Oleo | Marinas | Abstractos","og_description":"Artista Pintora cuadros Oleo. | Marinas | Paisajes | Bodegones | Abstractos | cuadros por encargo | Arte en Ibiza | Carmen: 619243890","og_url":"https:\/\/virazoncharter.com\/en\/pictures-al-oleo-carmen\/","og_site_name":"Virazon Charter","article_publisher":"https:\/\/www.facebook.com\/virazon.charter","article_modified_time":"2021-02-23T12:56:47+00:00","twitter_card":"summary_large_image","twitter_site":"@VirazonCharter","twitter_misc":{"Est. reading time":"3 minutes"},"schema":{"@context":"https:\/\/schema.org","@graph":[{"@type":"WebPage","@id":"https:\/\/virazoncharter.com\/en\/pictures-al-oleo-carmen\/","url":"https:\/\/virazoncharter.com\/en\/pictures-al-oleo-carmen\/","name":"Artista Pintora Cuadros Oleo | Marinas | Abstractos","isPartOf":{"@id":"https:\/\/virazoncharter.com\/en\/#website"},"datePublished":"2021-02-12T20:39:14+00:00","dateModified":"2021-02-23T12:56:47+00:00","description":"Artista Pintora cuadros Oleo. | Marinas | Paisajes | Bodegones | Abstractos | cuadros por encargo | Arte en Ibiza | Carmen: 619243890","breadcrumb":{"@id":"https:\/\/virazoncharter.com\/en\/pictures-al-oleo-carmen\/#breadcrumb"},"inLanguage":"en-US","potentialAction":[{"@type":"ReadAction","target":["https:\/\/virazoncharter.com\/en\/pictures-al-oleo-carmen\/"]}]},{"@type":"BreadcrumbList","@id":"https:\/\/virazoncharter.com\/en\/pictures-al-oleo-carmen\/#breadcrumb","itemListElement":[{"@type":"ListItem","position":1,"name":"Portada","item":"https:\/\/virazoncharter.com\/en\/"},{"@type":"ListItem","position":2,"name":"Cuadros Oleo"}]},{"@type":"WebSite","@id":"https:\/\/virazoncharter.com\/en\/#website","url":"https:\/\/virazoncharter.com\/en\/","name":"Virazon Charter","description":"","publisher":{"@id":"https:\/\/virazoncharter.com\/en\/#organization"},"potentialAction":[{"@type":"SearchAction","target":{"@type":"EntryPoint","urlTemplate":"https:\/\/virazoncharter.com\/en\/?s={search_term_string}"},"query-input":{"@type":"PropertyValueSpecification","valueRequired":true,"valueName":"search_term_string"}}],"inLanguage":"en-US"},{"@type":"Organization","@id":"https:\/\/virazoncharter.com\/en\/#organization","name":"Virazon Charter","url":"https:\/\/virazoncharter.com\/en\/","logo":{"@type":"ImageObject","inLanguage":"en-US","@id":"https:\/\/virazoncharter.com\/en\/#\/schema\/logo\/image\/","url":"https:\/\/virazoncharter.com\/wp-content\/uploads\/2020\/12\/Imagen-principal-2-1.jpg","contentUrl":"https:\/\/virazoncharter.com\/wp-content\/uploads\/2020\/12\/Imagen-principal-2-1.jpg","width":665,"height":1000,"caption":"Virazon Charter"},"image":{"@id":"https:\/\/virazoncharter.com\/en\/#\/schema\/logo\/image\/"},"sameAs":["https:\/\/www.facebook.com\/virazon.charter","https:\/\/x.com\/VirazonCharter","https:\/\/www.instagram.com\/ibizavirazoncharter\/","https:\/\/www.linkedin.com\/in\/ibizavirazoncharter\/","https:\/\/www.youtube.com\/channel\/UCACS__u1NX416fyEnvsB8Mw"]}]}},"_links":{"self":[{"href":"https:\/\/virazoncharter.com\/en\/wp-json\/wp\/v2\/pages\/1018","targetHints":{"allow":["GET"]}}],"collection":[{"href":"https:\/\/virazoncharter.com\/en\/wp-json\/wp\/v2\/pages"}],"about":[{"href":"https:\/\/virazoncharter.com\/en\/wp-json\/wp\/v2\/types\/page"}],"author":[{"embeddable":true,"href":"https:\/\/virazoncharter.com\/en\/wp-json\/wp\/v2\/users\/1"}],"replies":[{"embeddable":true,"href":"https:\/\/virazoncharter.com\/en\/wp-json\/wp\/v2\/comments?post=1018"}],"version-history":[{"count":5,"href":"https:\/\/virazoncharter.com\/en\/wp-json\/wp\/v2\/pages\/1018\/revisions"}],"predecessor-version":[{"id":1077,"href":"https:\/\/virazoncharter.com\/en\/wp-json\/wp\/v2\/pages\/1018\/revisions\/1077"}],"wp:attachment":[{"href":"https:\/\/virazoncharter.com\/en\/wp-json\/wp\/v2\/media?parent=1018"}],"curies":[{"name":"wp","href":"https:\/\/api.w.org\/{rel}","templated":true}]}}